{"id":201,"date":"2024-06-20T18:14:29","date_gmt":"2024-06-20T18:14:29","guid":{"rendered":"https:\/\/fisioterapia-delacruz.es\/?page_id=201"},"modified":"2024-06-21T11:36:52","modified_gmt":"2024-06-21T11:36:52","slug":"servicios","status":"publish","type":"page","link":"https:\/\/fisioterapia-delacruz.es\/en\/servicios\/","title":{"rendered":"Services"},"content":{"rendered":"<div class=\"wp-block-uagb-container uagb-block-4ef02885 alignfull uagb-is-root-container\"><div class=\"uagb-container-inner-blocks-wrap\">\n<div class=\"wp-block-uagb-container uagb-block-1751d4e7\">\n<div class=\"wp-block-uagb-image uagb-block-45ff8490 wp-block-uagb-image--layout-default wp-block-uagb-image--effect-static wp-block-uagb-image--align-none\"><figure class=\"wp-block-uagb-image__figure\"><img decoding=\"async\" srcset=\"https:\/\/fisioterapia-delacruz.es\/wp-content\/uploads\/2024\/06\/header2-copia.webp ,https:\/\/fisioterapia-delacruz.es\/wp-content\/uploads\/2024\/06\/header2-copia.webp 780w, https:\/\/fisioterapia-delacruz.es\/wp-content\/uploads\/2024\/06\/header2-copia.webp 360w\" sizes=\"auto, (max-width: 480px) 150px\" src=\"https:\/\/fisioterapia-delacruz.es\/wp-content\/uploads\/2024\/06\/header2-copia.webp\" alt=\"clinica fisioterapia\" class=\"uag-image-362\" width=\"732\" height=\"730\" title=\"physio services\" loading=\"lazy\" role=\"img\"\/><\/figure><\/div>\n<\/div>\n\n\n\n<div class=\"wp-block-uagb-container uagb-block-e0dc90dc\">\n<div class=\"wp-block-uagb-advanced-heading uagb-block-1af844d5\"><h1 class=\"uagb-heading-text\">Services<\/h1><\/div>\n\n\n\n<div class=\"wp-block-uagb-advanced-heading uagb-block-ef326a00\"><p class=\"uagb-heading-text\">We have highly specialised professionals in pathologies of the locomotor system and the most advanced technology, so that our diagnoses and treatments are as effective as possible.<\/p><\/div>\n<\/div>\n<\/div><\/div>\n\n\n\n<div class=\"wp-block-uagb-container uagb-layout-flex uagb-block-f1728c8a alignfull uagb-is-root-container\"><div class=\"uagb-container-inner-blocks-wrap\">\n<div class=\"wp-block-uagb-container uagb-block-e9688851\">\n<div class=\"wp-block-uagb-info-box uagb-block-b9935942 uagb-infobox__content-wrap  uagb-infobox-icon-above-title uagb-infobox-image-valign-top\"><div class=\"uagb-ifb-content\"><div class=\"uagb-ifb-image-content\"><img decoding=\"async\" src=\"https:\/\/fisioterapia-delacruz.es\/wp-content\/uploads\/2024\/06\/1.-1.webp\" alt=\"\" width=\"\" height=\"0\" loading=\"lazy\"\/><\/div><div class=\"uagb-ifb-title-wrap\"><h3 class=\"uagb-ifb-title\">Musculoskeletal ultrasound scan<\/h3><\/div><p class=\"uagb-ifb-desc\">An essential assessment and diagnostic tool for the analysis of locomotor system disorders: tendon, muscle, ligament, joint capsule, bone, etc.<\/p><\/div><\/div>\n<\/div>\n\n\n\n<div class=\"wp-block-uagb-container uagb-block-b29a962c\">\n<div class=\"wp-block-uagb-info-box uagb-block-2abf9958 uagb-infobox__content-wrap  uagb-infobox-icon-above-title uagb-infobox-image-valign-top\"><div class=\"uagb-ifb-content\"><div class=\"uagb-ifb-image-content\"><img decoding=\"async\" src=\"https:\/\/fisioterapia-delacruz.es\/wp-content\/uploads\/2024\/06\/2.5.webp\" alt=\"\" width=\"\" height=\"0\" loading=\"lazy\"\/><\/div><div class=\"uagb-ifb-title-wrap\"><h3 class=\"uagb-ifb-title\">Manual therapy<\/h3><\/div><p class=\"uagb-ifb-desc\">Treatments based on massage therapy, manipulations, mobilisation, myofascial therapy... so necessary for the regeneration of damaged soft tissue.<\/p><\/div><\/div>\n<\/div>\n\n\n\n<div class=\"wp-block-uagb-container uagb-block-5a5b6e4d\">\n<div class=\"wp-block-uagb-info-box uagb-block-39b9f3ed uagb-infobox__content-wrap  uagb-infobox-icon-above-title uagb-infobox-image-valign-top\"><div class=\"uagb-ifb-content\"><div class=\"uagb-ifb-image-content\"><img decoding=\"async\" src=\"https:\/\/fisioterapia-delacruz.es\/wp-content\/uploads\/2024\/06\/3.webp\" alt=\"\" width=\"\" height=\"0\" loading=\"lazy\"\/><\/div><div class=\"uagb-ifb-title-wrap\"><h3 class=\"uagb-ifb-title\">Echoguided percutaneous electrolysis<\/h3><\/div><p class=\"uagb-ifb-desc\">Invasive treatment consisting of the application of galvanic current through a needle that causes analgesia and aids the recovery of musculoskeletal injuries. It provides a higher therapeutic quality.<\/p><\/div><\/div>\n<\/div>\n\n\n\n<div class=\"wp-block-uagb-container uagb-block-0ab4f6a1\">\n<div class=\"wp-block-uagb-info-box uagb-block-6d8d635b uagb-infobox__content-wrap  uagb-infobox-icon-above-title uagb-infobox-image-valign-top\"><div class=\"uagb-ifb-content\"><div class=\"uagb-ifb-image-content\"><img decoding=\"async\" src=\"https:\/\/fisioterapia-delacruz.es\/wp-content\/uploads\/2024\/06\/4.1.webp\" alt=\"\" width=\"\" height=\"0\" loading=\"lazy\"\/><\/div><div class=\"uagb-ifb-title-wrap\"><h3 class=\"uagb-ifb-title\">Percutaneous ultrasound-guided neuromodulation<\/h3><\/div><p class=\"uagb-ifb-desc\">Invasive treatment based on the application of TENS current through a needle on the peripheral nervous system, which favours nerve excitability, so necessary for musculoskeletal injuries.&nbsp;<\/p><\/div><\/div>\n<\/div>\n\n\n\n<div class=\"wp-block-uagb-container uagb-block-3f48bd63\">\n<div class=\"wp-block-uagb-info-box uagb-block-6a381b34 uagb-infobox__content-wrap  uagb-infobox-icon-above-title uagb-infobox-image-valign-top\"><div class=\"uagb-ifb-content\"><div class=\"uagb-ifb-image-content\"><img decoding=\"async\" src=\"https:\/\/fisioterapia-delacruz.es\/wp-content\/uploads\/2024\/06\/6.webp\" alt=\"\" width=\"\" height=\"0\" loading=\"lazy\"\/><\/div><div class=\"uagb-ifb-title-wrap\"><h3 class=\"uagb-ifb-title\">Magnetotherapy<\/h3><\/div><p class=\"uagb-ifb-desc\">Exclusive therapy for the treatment of bone disorders such as bone oedema, fissures, fractures, etc. thanks to the electromagnetic field generated and necessary for bone regeneration.<\/p><\/div><\/div>\n<\/div>\n\n\n\n<div class=\"wp-block-uagb-container uagb-block-cbb84757\">\n<div class=\"wp-block-uagb-info-box uagb-block-d1f5b278 uagb-infobox__content-wrap  uagb-infobox-icon-above-title uagb-infobox-image-valign-top\"><div class=\"uagb-ifb-content\"><div class=\"uagb-ifb-image-content\"><img decoding=\"async\" src=\"https:\/\/fisioterapia-delacruz.es\/wp-content\/uploads\/2024\/06\/5-scaled.webp\" alt=\"\" width=\"\" height=\"0\" loading=\"lazy\"\/><\/div><div class=\"uagb-ifb-title-wrap\"><h3 class=\"uagb-ifb-title\">Diatermia<\/h3><\/div><p class=\"uagb-ifb-desc\">Device that provides deep heat necessary to restore soft tissue viscosity.<\/p><\/div><\/div>\n<\/div>\n\n\n\n<div class=\"wp-block-uagb-container uagb-block-11f978e3\">\n<div class=\"wp-block-uagb-info-box uagb-block-c4bd27a1 uagb-infobox__content-wrap  uagb-infobox-icon-above-title uagb-infobox-image-valign-top\"><div class=\"uagb-ifb-content\"><div class=\"uagb-ifb-image-content\"><img decoding=\"async\" src=\"https:\/\/fisioterapia-delacruz.es\/wp-content\/uploads\/2024\/06\/7.1.webp\" alt=\"\" width=\"\" height=\"0\" loading=\"lazy\"\/><\/div><div class=\"uagb-ifb-title-wrap\"><h3 class=\"uagb-ifb-title\">Biomechanical analysis of gait and running<\/h3><\/div><p class=\"uagb-ifb-desc\">For us it is not only important to treat the different injuries of our patients, but also to treat the cause of the injuries. This is because in most cases, injuries are caused by biomechanical alterations. That is why we carry out footprint analysis, stabilometry analysis and gait and running studies.<\/p><\/div><\/div>\n<\/div>\n\n\n\n<div class=\"wp-block-uagb-container uagb-block-998fddfb\">\n<div class=\"wp-block-uagb-info-box uagb-block-8615cc64 uagb-infobox__content-wrap  uagb-infobox-icon-above-title uagb-infobox-image-valign-top\"><div class=\"uagb-ifb-content\"><div class=\"uagb-ifb-image-content\"><img decoding=\"async\" src=\"https:\/\/fisioterapia-delacruz.es\/wp-content\/uploads\/2024\/06\/11.webp\" alt=\"\" width=\"\" height=\"0\" loading=\"lazy\"\/><\/div><div class=\"uagb-ifb-title-wrap\"><h3 class=\"uagb-ifb-title\">Personalised templates<\/h3><\/div><p class=\"uagb-ifb-desc\">Insoles made especially for you, with a previous study carried out by our experts.<\/p><\/div><\/div>\n\n\n\n<div class=\"wp-block-uagb-image uagb-block-67ed447d wp-block-uagb-image--layout-default wp-block-uagb-image--effect-static wp-block-uagb-image--align-none\"><figure class=\"wp-block-uagb-image__figure\"><img decoding=\"async\" srcset=\"https:\/\/fisioterapia-delacruz.es\/wp-content\/uploads\/2024\/06\/logo-plantillas-150x150.png ,https:\/\/fisioterapia-delacruz.es\/wp-content\/uploads\/2024\/06\/logo-plantillas.png 780w, https:\/\/fisioterapia-delacruz.es\/wp-content\/uploads\/2024\/06\/logo-plantillas.png 360w\" sizes=\"auto, (max-width: 480px) 150px\" src=\"https:\/\/fisioterapia-delacruz.es\/wp-content\/uploads\/2024\/06\/logo-plantillas-150x150.png\" alt=\"\" class=\"uag-image-255\" width=\"150\" height=\"150\" title=\"logo-plantillas\" loading=\"lazy\" role=\"img\"\/><\/figure><\/div>\n<\/div>\n\n\n\n<div class=\"wp-block-uagb-container uagb-block-c95fc998\">\n<div class=\"wp-block-uagb-info-box uagb-block-ec87ef7c uagb-infobox__content-wrap  uagb-infobox-icon-above-title uagb-infobox-image-valign-top\"><div class=\"uagb-ifb-content\"><div class=\"uagb-ifb-image-content\"><img decoding=\"async\" src=\"https:\/\/fisioterapia-delacruz.es\/wp-content\/uploads\/2024\/06\/8.webp\" alt=\"\" width=\"\" height=\"0\" loading=\"lazy\"\/><\/div><div class=\"uagb-ifb-title-wrap\"><h3 class=\"uagb-ifb-title\">Therapeutic physical exercise<\/h3><\/div><p class=\"uagb-ifb-desc\">All our treatments are accompanied by a physical exercise programme, which is essential for the regeneration of the soft tissue involved in musculoskeletal injuries. These programmes are taught and monitored by our professionals.<\/p><\/div><\/div>\n<\/div>\n\n\n\n<div class=\"wp-block-uagb-container uagb-block-791c649c\">\n<div class=\"wp-block-uagb-info-box uagb-block-221c6f48 uagb-infobox__content-wrap  uagb-infobox-icon-above-title uagb-infobox-image-valign-top\"><div class=\"uagb-ifb-content\"><div class=\"uagb-ifb-image-content\"><img decoding=\"async\" src=\"https:\/\/fisioterapia-delacruz.es\/wp-content\/uploads\/2024\/06\/10.webp\" alt=\"\" width=\"\" height=\"0\" loading=\"lazy\"\/><\/div><div class=\"uagb-ifb-title-wrap\"><h3 class=\"uagb-ifb-title\">Research<\/h3><\/div><p class=\"uagb-ifb-desc\">Continuous training and research allow our treatments to evolve and improve day by day.<\/p><\/div><\/div>\n<\/div>\n<\/div><\/div>","protected":false},"excerpt":{"rendered":"<p>Servicios Contamos con profesionales de alta especializaci\u00f3n en patolog\u00edas del aparato locomotor y tenemos la tecnolog\u00eda m\u00e1s avanzada, para que [&hellip;]<\/p>","protected":false},"author":1,"featured_media":0,"parent":0,"menu_order":0,"comment_status":"closed","ping_status":"closed","template":"","meta":{"_uag_custom_page_level_css":"","site-sidebar-layout":"default","site-content-layout":"","ast-site-content-layout":"","site-content-style":"default","site-sidebar-style":"default","ast-global-header-display":"","ast-banner-title-visibility":"","ast-main-header-display":"","ast-hfb-above-header-display":"","ast-hfb-below-header-display":"","ast-hfb-mobile-header-display":"","site-post-title":"disabled","ast-breadcrumbs-content":"","ast-featured-img":"","footer-sml-layout":"","theme-transparent-header-meta":"","adv-header-id-meta":"","stick-header-meta":"","header-above-stick-meta":"","header-main-stick-meta":"","header-below-stick-meta":"","astra-migrate-meta-layouts":"default","ast-page-background-enabled":"default","ast-page-background-meta":{"desktop":{"background-color":"var(--ast-global-color-4)","background-image":"","background-repeat":"repeat","background-position":"center center","background-size":"auto","background-attachment":"scroll","background-type":"","background-media":"","overlay-type":"","overlay-color":"","overlay-opacity":"","overlay-gradient":""},"tablet":{"background-color":"","background-image":"","background-repeat":"repeat","background-position":"center center","background-size":"auto","background-attachment":"scroll","background-type":"","background-media":"","overlay-type":"","overlay-color":"","overlay-opacity":"","overlay-gradient":""},"mobile":{"background-color":"","background-image":"","background-repeat":"repeat","background-position":"center center","background-size":"auto","background-attachment":"scroll","background-type":"","background-media":"","overlay-type":"","overlay-color":"","overlay-opacity":"","overlay-gradient":""}},"ast-content-background-meta":{"desktop":{"background-color":"var(--ast-global-color-5)","background-image":"","background-repeat":"repeat","background-position":"center center","background-size":"auto","background-attachment":"scroll","background-type":"","background-media":"","overlay-type":"","overlay-color":"","overlay-opacity":"","overlay-gradient":""},"tablet":{"background-color":"var(--ast-global-color-5)","background-image":"","background-repeat":"repeat","background-position":"center center","background-size":"auto","background-attachment":"scroll","background-type":"","background-media":"","overlay-type":"","overlay-color":"","overlay-opacity":"","overlay-gradient":""},"mobile":{"background-color":"var(--ast-global-color-5)","background-image":"","background-repeat":"repeat","background-position":"center center","background-size":"auto","background-attachment":"scroll","background-type":"","background-media":"","overlay-type":"","overlay-color":"","overlay-opacity":"","overlay-gradient":""}},"footnotes":""},"class_list":["post-201","page","type-page","status-publish","hentry"],"yoast_head":"<!-- This site is optimized with the Yoast SEO plugin v25.5 - https:\/\/yoast.com\/wordpress\/plugins\/seo\/ -->\n<title>Tratamientos - cl\u00ednica de fisioterapia<\/title>\n<meta name=\"description\" content=\"En la cl\u00ednica de fisioterapia Blanca de la Cruz realizamos tratamientos para las patolog\u00edas del aparato locomotor desde hace m\u00e1s de 10 a\u00f1os.\" \/>\n<meta name=\"robots\" content=\"index, follow, max-snippet:-1, max-image-preview:large, max-video-preview:-1\" \/>\n<link rel=\"canonical\" href=\"https:\/\/fisioterapia-delacruz.es\/en\/servicios\/\" \/>\n<meta property=\"og:locale\" content=\"en_GB\" \/>\n<meta property=\"og:type\" content=\"article\" \/>\n<meta property=\"og:title\" content=\"Tratamientos - cl\u00ednica de fisioterapia\" \/>\n<meta property=\"og:description\" content=\"En la cl\u00ednica de fisioterapia Blanca de la Cruz realizamos tratamientos para las patolog\u00edas del aparato locomotor desde hace m\u00e1s de 10 a\u00f1os.\" \/>\n<meta property=\"og:url\" content=\"https:\/\/fisioterapia-delacruz.es\/en\/servicios\/\" \/>\n<meta property=\"og:site_name\" content=\"Cl\u00ednica de fisioterapia Blanca de la Cruz\" \/>\n<meta property=\"article:modified_time\" content=\"2024-06-21T11:36:52+00:00\" \/>\n<meta property=\"og:image\" content=\"https:\/\/fisioterapia-delacruz.es\/wp-content\/uploads\/2024\/06\/header2-copia.webp\" \/>\n<meta name=\"twitter:card\" content=\"summary_large_image\" \/>\n<meta name=\"twitter:label1\" content=\"Estimated reading time\" \/>\n\t<meta name=\"twitter:data1\" content=\"4 minutes\" \/>\n<script type=\"application\/ld+json\" class=\"yoast-schema-graph\">{\"@context\":\"https:\/\/schema.org\",\"@graph\":[{\"@type\":\"WebPage\",\"@id\":\"https:\/\/fisioterapia-delacruz.es\/servicios\/\",\"url\":\"https:\/\/fisioterapia-delacruz.es\/servicios\/\",\"name\":\"Tratamientos - cl\u00ednica de fisioterapia\",\"isPartOf\":{\"@id\":\"https:\/\/fisioterapia-delacruz.es\/#website\"},\"primaryImageOfPage\":{\"@id\":\"https:\/\/fisioterapia-delacruz.es\/servicios\/#primaryimage\"},\"image\":{\"@id\":\"https:\/\/fisioterapia-delacruz.es\/servicios\/#primaryimage\"},\"thumbnailUrl\":\"https:\/\/fisioterapia-delacruz.es\/wp-content\/uploads\/2024\/06\/header2-copia.webp\",\"datePublished\":\"2024-06-20T18:14:29+00:00\",\"dateModified\":\"2024-06-21T11:36:52+00:00\",\"description\":\"En la cl\u00ednica de fisioterapia Blanca de la Cruz realizamos tratamientos para las patolog\u00edas del aparato locomotor desde hace m\u00e1s de 10 a\u00f1os.\",\"breadcrumb\":{\"@id\":\"https:\/\/fisioterapia-delacruz.es\/servicios\/#breadcrumb\"},\"inLanguage\":\"en-GB\",\"potentialAction\":[{\"@type\":\"ReadAction\",\"target\":[\"https:\/\/fisioterapia-delacruz.es\/servicios\/\"]}]},{\"@type\":\"ImageObject\",\"inLanguage\":\"en-GB\",\"@id\":\"https:\/\/fisioterapia-delacruz.es\/servicios\/#primaryimage\",\"url\":\"https:\/\/fisioterapia-delacruz.es\/wp-content\/uploads\/2024\/06\/header2-copia.webp\",\"contentUrl\":\"https:\/\/fisioterapia-delacruz.es\/wp-content\/uploads\/2024\/06\/header2-copia.webp\"},{\"@type\":\"BreadcrumbList\",\"@id\":\"https:\/\/fisioterapia-delacruz.es\/servicios\/#breadcrumb\",\"itemListElement\":[{\"@type\":\"ListItem\",\"position\":1,\"name\":\"Portada\",\"item\":\"https:\/\/fisioterapia-delacruz.es\/\"},{\"@type\":\"ListItem\",\"position\":2,\"name\":\"Servicios\"}]},{\"@type\":\"WebSite\",\"@id\":\"https:\/\/fisioterapia-delacruz.es\/#website\",\"url\":\"https:\/\/fisioterapia-delacruz.es\/\",\"name\":\"blancadelacruz\",\"description\":\"Cl\u00ednica de fisioterapia en Triana\",\"publisher\":{\"@id\":\"https:\/\/fisioterapia-delacruz.es\/#organization\"},\"potentialAction\":[{\"@type\":\"SearchAction\",\"target\":{\"@type\":\"EntryPoint\",\"urlTemplate\":\"https:\/\/fisioterapia-delacruz.es\/?s={search_term_string}\"},\"query-input\":{\"@type\":\"PropertyValueSpecification\",\"valueRequired\":true,\"valueName\":\"search_term_string\"}}],\"inLanguage\":\"en-GB\"},{\"@type\":\"Organization\",\"@id\":\"https:\/\/fisioterapia-delacruz.es\/#organization\",\"name\":\"blancadelacruz\",\"url\":\"https:\/\/fisioterapia-delacruz.es\/\",\"logo\":{\"@type\":\"ImageObject\",\"inLanguage\":\"en-GB\",\"@id\":\"https:\/\/fisioterapia-delacruz.es\/#\/schema\/logo\/image\/\",\"url\":\"https:\/\/fisioterapia-delacruz.es\/wp-content\/uploads\/2024\/06\/logotipo.png\",\"contentUrl\":\"https:\/\/fisioterapia-delacruz.es\/wp-content\/uploads\/2024\/06\/logotipo.png\",\"width\":180,\"height\":100,\"caption\":\"blancadelacruz\"},\"image\":{\"@id\":\"https:\/\/fisioterapia-delacruz.es\/#\/schema\/logo\/image\/\"},\"sameAs\":[\"https:\/\/www.instagram.com\/blanca_academy\/\"]}]}<\/script>\n<!-- \/ Yoast SEO plugin. -->","yoast_head_json":{"title":"Tratamientos - cl\u00ednica de fisioterapia","description":"En la cl\u00ednica de fisioterapia Blanca de la Cruz realizamos tratamientos para las patolog\u00edas del aparato locomotor desde hace m\u00e1s de 10 a\u00f1os.","robots":{"index":"index","follow":"follow","max-snippet":"max-snippet:-1","max-image-preview":"max-image-preview:large","max-video-preview":"max-video-preview:-1"},"canonical":"https:\/\/fisioterapia-delacruz.es\/en\/servicios\/","og_locale":"en_GB","og_type":"article","og_title":"Tratamientos - cl\u00ednica de fisioterapia","og_description":"En la cl\u00ednica de fisioterapia Blanca de la Cruz realizamos tratamientos para las patolog\u00edas del aparato locomotor desde hace m\u00e1s de 10 a\u00f1os.","og_url":"https:\/\/fisioterapia-delacruz.es\/en\/servicios\/","og_site_name":"Cl\u00ednica de fisioterapia Blanca de la Cruz","article_modified_time":"2024-06-21T11:36:52+00:00","og_image":[{"url":"https:\/\/fisioterapia-delacruz.es\/wp-content\/uploads\/2024\/06\/header2-copia.webp","type":"","width":"","height":""}],"twitter_card":"summary_large_image","twitter_misc":{"Estimated reading time":"4 minutes"},"schema":{"@context":"https:\/\/schema.org","@graph":[{"@type":"WebPage","@id":"https:\/\/fisioterapia-delacruz.es\/servicios\/","url":"https:\/\/fisioterapia-delacruz.es\/servicios\/","name":"Tratamientos - cl\u00ednica de fisioterapia","isPartOf":{"@id":"https:\/\/fisioterapia-delacruz.es\/#website"},"primaryImageOfPage":{"@id":"https:\/\/fisioterapia-delacruz.es\/servicios\/#primaryimage"},"image":{"@id":"https:\/\/fisioterapia-delacruz.es\/servicios\/#primaryimage"},"thumbnailUrl":"https:\/\/fisioterapia-delacruz.es\/wp-content\/uploads\/2024\/06\/header2-copia.webp","datePublished":"2024-06-20T18:14:29+00:00","dateModified":"2024-06-21T11:36:52+00:00","description":"En la cl\u00ednica de fisioterapia Blanca de la Cruz realizamos tratamientos para las patolog\u00edas del aparato locomotor desde hace m\u00e1s de 10 a\u00f1os.","breadcrumb":{"@id":"https:\/\/fisioterapia-delacruz.es\/servicios\/#breadcrumb"},"inLanguage":"en-GB","potentialAction":[{"@type":"ReadAction","target":["https:\/\/fisioterapia-delacruz.es\/servicios\/"]}]},{"@type":"ImageObject","inLanguage":"en-GB","@id":"https:\/\/fisioterapia-delacruz.es\/servicios\/#primaryimage","url":"https:\/\/fisioterapia-delacruz.es\/wp-content\/uploads\/2024\/06\/header2-copia.webp","contentUrl":"https:\/\/fisioterapia-delacruz.es\/wp-content\/uploads\/2024\/06\/header2-copia.webp"},{"@type":"BreadcrumbList","@id":"https:\/\/fisioterapia-delacruz.es\/servicios\/#breadcrumb","itemListElement":[{"@type":"ListItem","position":1,"name":"Portada","item":"https:\/\/fisioterapia-delacruz.es\/"},{"@type":"ListItem","position":2,"name":"Servicios"}]},{"@type":"WebSite","@id":"https:\/\/fisioterapia-delacruz.es\/#website","url":"https:\/\/fisioterapia-delacruz.es\/","name":"blancadelacruz","description":"Cl\u00ednica de fisioterapia en Triana","publisher":{"@id":"https:\/\/fisioterapia-delacruz.es\/#organization"},"potentialAction":[{"@type":"SearchAction","target":{"@type":"EntryPoint","urlTemplate":"https:\/\/fisioterapia-delacruz.es\/?s={search_term_string}"},"query-input":{"@type":"PropertyValueSpecification","valueRequired":true,"valueName":"search_term_string"}}],"inLanguage":"en-GB"},{"@type":"Organization","@id":"https:\/\/fisioterapia-delacruz.es\/#organization","name":"blancadelacruz","url":"https:\/\/fisioterapia-delacruz.es\/","logo":{"@type":"ImageObject","inLanguage":"en-GB","@id":"https:\/\/fisioterapia-delacruz.es\/#\/schema\/logo\/image\/","url":"https:\/\/fisioterapia-delacruz.es\/wp-content\/uploads\/2024\/06\/logotipo.png","contentUrl":"https:\/\/fisioterapia-delacruz.es\/wp-content\/uploads\/2024\/06\/logotipo.png","width":180,"height":100,"caption":"blancadelacruz"},"image":{"@id":"https:\/\/fisioterapia-delacruz.es\/#\/schema\/logo\/image\/"},"sameAs":["https:\/\/www.instagram.com\/blanca_academy\/"]}]}},"uagb_featured_image_src":{"full":false,"thumbnail":false,"medium":false,"medium_large":false,"large":false,"1536x1536":false,"2048x2048":false,"trp-custom-language-flag":false},"uagb_author_info":{"display_name":"DesarrolloWeb","author_link":"https:\/\/fisioterapia-delacruz.es\/en\/author\/desarrolloweb\/"},"uagb_comment_info":0,"uagb_excerpt":"Servicios Contamos con profesionales de alta especializaci\u00f3n en patolog\u00edas del aparato locomotor y tenemos la tecnolog\u00eda m\u00e1s avanzada, para que [&hellip;]","_links":{"self":[{"href":"https:\/\/fisioterapia-delacruz.es\/en\/wp-json\/wp\/v2\/pages\/201","targetHints":{"allow":["GET"]}}],"collection":[{"href":"https:\/\/fisioterapia-delacruz.es\/en\/wp-json\/wp\/v2\/pages"}],"about":[{"href":"https:\/\/fisioterapia-delacruz.es\/en\/wp-json\/wp\/v2\/types\/page"}],"author":[{"embeddable":true,"href":"https:\/\/fisioterapia-delacruz.es\/en\/wp-json\/wp\/v2\/users\/1"}],"replies":[{"embeddable":true,"href":"https:\/\/fisioterapia-delacruz.es\/en\/wp-json\/wp\/v2\/comments?post=201"}],"version-history":[{"count":0,"href":"https:\/\/fisioterapia-delacruz.es\/en\/wp-json\/wp\/v2\/pages\/201\/revisions"}],"wp:attachment":[{"href":"https:\/\/fisioterapia-delacruz.es\/en\/wp-json\/wp\/v2\/media?parent=201"}],"curies":[{"name":"wp","href":"https:\/\/api.w.org\/{rel}","templated":true}]}}